{"id":44,"date":"2020-01-22T11:22:29","date_gmt":"2020-01-22T16:22:29","guid":{"rendered":"http:\/\/takemedsseriously.org\/?page_id=44"},"modified":"2025-09-11T13:01:18","modified_gmt":"2025-09-11T18:01:18","slug":"safe-use","status":"publish","type":"page","link":"https:\/\/takemedsseriously.org\/es\/safe-use\/","title":{"rendered":"Uso seguro"},"content":{"rendered":"<h2>No es broma, son opioides.<\/h2>\n<p>El uso seguro de un analg\u00e9sico con receta comienza con una conversaci\u00f3n con su m\u00e9dico, dentista o farmac\u00e9utico. Sepa qu\u00e9 preguntar <em>antes<\/em> de que le receten analg\u00e9sicos: <a href=\"http:\/\/takemedsseriously.org\/wp-content\/uploads\/2023\/03\/Mi-Cita-con-el-Doctor.pdf\" target=\"_blank\" rel=\"noopener noreferrer\">descargar la lista de verificaci\u00f3n para citas<\/a>.<\/p>\n<h2>Seg\u00fan indicaciones m\u00e9dicas<\/h2>\n<p>Para evitar el mal uso de medicinas con receta es necesario tomar las medicinas tanto de venta libre como las de receta exactamente seg\u00fan las indicaciones del m\u00e9dico y del envase. Tomar una dosis mayor que la recetada puede poner en riesgo su salud y causar una sobredosis.<\/p>\n<p>Los opioides pueden consumirse de forma segura siempre que los recete un m\u00e9dico y se tomen seg\u00fan sus indicaciones. Sin embargo, el consumo a largo plazo de opioides aumenta la posibilidad de desarrollar trastornos y provocar sobredosis. Puede considerar el consumo de naloxona, una medicina aprobada por la FDA que puede revertir una sobredosis. Inf\u00f3rmese m\u00e1s sobre el tema en <a href=\"http:\/\/www.BringNaloxonehome.org\" target=\"_blank\" rel=\"noopener noreferrer\">bringnaloxonehome.org<\/a>.<\/p>\n<p>Muchas medicinas con receta y de venta libre pueden tener interacciones peligrosas e incluso letales si se combinan con las medicinas incorrectas. Por lo tanto, es importante que hable con su m\u00e9dico, dentista o farmac\u00e9utico sobre todas las medicinas con receta o de venta libre, las vitaminas y los suplementos que toma. Esta lista de medicinas descargable puede resultarle \u00fatil para llevar un registro de lo que toma.<\/p>\n<p>Nunca debe compartir sus medicinas con amigos ni familiares. Las medicinas se recetan exclusivamente para usted. Si otras personas las consumen, podr\u00edan tener efectos secundarios graves e incluso mortales.<\/p>","protected":false},"excerpt":{"rendered":"<p>Get Serious, They\u2019re Opioids Safe use of a prescription pain reliever starts with a conversation with your doctor, dentist or pharmacist. Know what to ask before you\u2019re prescribed a prescription pain reliever \u2014 download the appointment checklist. Use Only as Directed Preventing prescription drug misuse starts with taking prescription and over-the-counter medications exactly as directed [&hellip;]<\/p>","protected":false},"author":2,"featured_media":0,"parent":0,"menu_order":2,"comment_status":"closed","ping_status":"closed","template":"","meta":{"footnotes":""},"class_list":["post-44","page","type-page","status-publish","hentry"],"acf":[],"yoast_head":"<!-- This site is optimized with the Yoast SEO plugin v21.4 - https:\/\/yoast.com\/wordpress\/plugins\/seo\/ -->\n<title>Safe Use - Take Meds Seriously<\/title>\n<meta name=\"robots\" content=\"index, follow, max-snippet:-1, max-image-preview:large, max-video-preview:-1\" \/>\n<link rel=\"canonical\" href=\"https:\/\/takemedsseriously.org\/es\/safe-use\/\" \/>\n<meta property=\"og:locale\" content=\"es_MX\" \/>\n<meta property=\"og:type\" content=\"article\" \/>\n<meta property=\"og:title\" content=\"Safe Use - Take Meds Seriously\" \/>\n<meta property=\"og:description\" content=\"Get Serious, They\u2019re Opioids Safe use of a prescription pain reliever starts with a conversation with your doctor, dentist or pharmacist. Know what to ask before you\u2019re prescribed a prescription pain reliever \u2014 download the appointment checklist. Use Only as Directed Preventing prescription drug misuse starts with taking prescription and over-the-counter medications exactly as directed [&hellip;]\" \/>\n<meta property=\"og:url\" content=\"https:\/\/takemedsseriously.org\/es\/safe-use\/\" \/>\n<meta property=\"og:site_name\" content=\"Take Meds Seriously\" \/>\n<meta property=\"article:modified_time\" content=\"2025-09-11T18:01:18+00:00\" \/>\n<meta name=\"twitter:card\" content=\"summary_large_image\" \/>\n<meta name=\"twitter:label1\" content=\"Tiempo de lectura\" \/>\n\t<meta name=\"twitter:data1\" content=\"1 minuto\" \/>\n<script type=\"application\/ld+json\" class=\"yoast-schema-graph\">{\"@context\":\"https:\/\/schema.org\",\"@graph\":[{\"@type\":\"WebPage\",\"@id\":\"https:\/\/takemedsseriously.org\/safe-use\/\",\"url\":\"https:\/\/takemedsseriously.org\/safe-use\/\",\"name\":\"Safe Use - Take Meds Seriously\",\"isPartOf\":{\"@id\":\"https:\/\/takemedsseriously.org\/#website\"},\"datePublished\":\"2020-01-22T16:22:29+00:00\",\"dateModified\":\"2025-09-11T18:01:18+00:00\",\"breadcrumb\":{\"@id\":\"https:\/\/takemedsseriously.org\/safe-use\/#breadcrumb\"},\"inLanguage\":\"es-MX\",\"potentialAction\":[{\"@type\":\"ReadAction\",\"target\":[\"https:\/\/takemedsseriously.org\/safe-use\/\"]}]},{\"@type\":\"BreadcrumbList\",\"@id\":\"https:\/\/takemedsseriously.org\/safe-use\/#breadcrumb\",\"itemListElement\":[{\"@type\":\"ListItem\",\"position\":1,\"name\":\"Home\",\"item\":\"https:\/\/takemedsseriously.org\/\"},{\"@type\":\"ListItem\",\"position\":2,\"name\":\"Safe Use\"}]},{\"@type\":\"WebSite\",\"@id\":\"https:\/\/takemedsseriously.org\/#website\",\"url\":\"https:\/\/takemedsseriously.org\/\",\"name\":\"Take Meds Seriously\",\"description\":\"Prescription Drug Safety Starts With You\",\"potentialAction\":[{\"@type\":\"SearchAction\",\"target\":{\"@type\":\"EntryPoint\",\"urlTemplate\":\"https:\/\/takemedsseriously.org\/?s={search_term_string}\"},\"query-input\":\"required name=search_term_string\"}],\"inLanguage\":\"es-MX\"}]}<\/script>\n<!-- \/ Yoast SEO plugin. -->","yoast_head_json":{"title":"Safe Use - Take Meds Seriously","robots":{"index":"index","follow":"follow","max-snippet":"max-snippet:-1","max-image-preview":"max-image-preview:large","max-video-preview":"max-video-preview:-1"},"canonical":"https:\/\/takemedsseriously.org\/es\/safe-use\/","og_locale":"es_MX","og_type":"article","og_title":"Safe Use - Take Meds Seriously","og_description":"Get Serious, They\u2019re Opioids Safe use of a prescription pain reliever starts with a conversation with your doctor, dentist or pharmacist. Know what to ask before you\u2019re prescribed a prescription pain reliever \u2014 download the appointment checklist. Use Only as Directed Preventing prescription drug misuse starts with taking prescription and over-the-counter medications exactly as directed [&hellip;]","og_url":"https:\/\/takemedsseriously.org\/es\/safe-use\/","og_site_name":"Take Meds Seriously","article_modified_time":"2025-09-11T18:01:18+00:00","twitter_card":"summary_large_image","twitter_misc":{"Tiempo de lectura":"1 minuto"},"schema":{"@context":"https:\/\/schema.org","@graph":[{"@type":"WebPage","@id":"https:\/\/takemedsseriously.org\/safe-use\/","url":"https:\/\/takemedsseriously.org\/safe-use\/","name":"Safe Use - Take Meds Seriously","isPartOf":{"@id":"https:\/\/takemedsseriously.org\/#website"},"datePublished":"2020-01-22T16:22:29+00:00","dateModified":"2025-09-11T18:01:18+00:00","breadcrumb":{"@id":"https:\/\/takemedsseriously.org\/safe-use\/#breadcrumb"},"inLanguage":"es-MX","potentialAction":[{"@type":"ReadAction","target":["https:\/\/takemedsseriously.org\/safe-use\/"]}]},{"@type":"BreadcrumbList","@id":"https:\/\/takemedsseriously.org\/safe-use\/#breadcrumb","itemListElement":[{"@type":"ListItem","position":1,"name":"Home","item":"https:\/\/takemedsseriously.org\/"},{"@type":"ListItem","position":2,"name":"Safe Use"}]},{"@type":"WebSite","@id":"https:\/\/takemedsseriously.org\/#website","url":"https:\/\/takemedsseriously.org\/","name":"Take Meds Seriously","description":"Prescription Drug Safety Starts With You","potentialAction":[{"@type":"SearchAction","target":{"@type":"EntryPoint","urlTemplate":"https:\/\/takemedsseriously.org\/?s={search_term_string}"},"query-input":"required name=search_term_string"}],"inLanguage":"es-MX"}]}},"featured_image_src":null,"featured_image_src_square":null,"_links":{"self":[{"href":"https:\/\/takemedsseriously.org\/es\/wp-json\/wp\/v2\/pages\/44","targetHints":{"allow":["GET"]}}],"collection":[{"href":"https:\/\/takemedsseriously.org\/es\/wp-json\/wp\/v2\/pages"}],"about":[{"href":"https:\/\/takemedsseriously.org\/es\/wp-json\/wp\/v2\/types\/page"}],"author":[{"embeddable":true,"href":"https:\/\/takemedsseriously.org\/es\/wp-json\/wp\/v2\/users\/2"}],"replies":[{"embeddable":true,"href":"https:\/\/takemedsseriously.org\/es\/wp-json\/wp\/v2\/comments?post=44"}],"version-history":[{"count":0,"href":"https:\/\/takemedsseriously.org\/es\/wp-json\/wp\/v2\/pages\/44\/revisions"}],"wp:attachment":[{"href":"https:\/\/takemedsseriously.org\/es\/wp-json\/wp\/v2\/media?parent=44"}],"curies":[{"name":"wp","href":"https:\/\/api.w.org\/{rel}","templated":true}]}}