{"id":234,"date":"2021-01-15T11:27:12","date_gmt":"2021-01-15T16:27:12","guid":{"rendered":"http:\/\/takemedsseriously.org\/?page_id=234"},"modified":"2021-01-15T11:27:12","modified_gmt":"2021-01-15T16:27:12","slug":"checklist","status":"publish","type":"page","link":"https:\/\/takemedsseriously.org\/es\/checklist\/","title":{"rendered":"checklist"},"content":{"rendered":"<p>Siempre es una buena idea planificar con anticipaci\u00f3n lo que le gustar\u00eda hablar con su m\u00e9dico. Le sugerimos <a href=\"http:\/\/takemedsseriously.org\/wp-content\/uploads\/2023\/03\/Mi-Cita-con-el-Doctor.pdf\">usar esta lista<\/a> de verificaci\u00f3n a modo de ayuda. Puede descargarla e imprimirla o utilizar las indicaciones para escribir la informaci\u00f3n.<\/p>\n<p><a href=\"http:\/\/takemedsseriously.org\/wp-content\/uploads\/2023\/03\/Mi-Cita-con-el-Doctor.pdf\"><img loading=\"lazy\" decoding=\"async\" class=\"alignnone wp-image-233 size-large\" src=\"http:\/\/takemedsseriously.org\/wp-content\/uploads\/2023\/03\/Mi-Cita-con-el-Doctor.png\" alt=\"\" width=\"791\" height=\"1024\" srcset=\"https:\/\/takemedsseriously.org\/wp-content\/uploads\/2023\/03\/Mi-Cita-con-el-Doctor.png 1700w, https:\/\/takemedsseriously.org\/wp-content\/uploads\/2023\/03\/Mi-Cita-con-el-Doctor-232x300.png 232w, https:\/\/takemedsseriously.org\/wp-content\/uploads\/2023\/03\/Mi-Cita-con-el-Doctor-791x1024.png 791w, https:\/\/takemedsseriously.org\/wp-content\/uploads\/2023\/03\/Mi-Cita-con-el-Doctor-768x994.png 768w, https:\/\/takemedsseriously.org\/wp-content\/uploads\/2023\/03\/Mi-Cita-con-el-Doctor-1187x1536.png 1187w, https:\/\/takemedsseriously.org\/wp-content\/uploads\/2023\/03\/Mi-Cita-con-el-Doctor-1583x2048.png 1583w, https:\/\/takemedsseriously.org\/wp-content\/uploads\/2023\/03\/Mi-Cita-con-el-Doctor-9x12.png 9w\" sizes=\"auto, (max-width: 791px) 100vw, 791px\" \/><\/a><\/p>","protected":false},"excerpt":{"rendered":"<p>It&#8217;s always a good idea to plan in advance what you would like to discuss with your doctor. You can use this checklist to help. Either download and print it or use the prompts to write down the information.<\/p>","protected":false},"author":10,"featured_media":0,"parent":0,"menu_order":0,"comment_status":"closed","ping_status":"closed","template":"","meta":{"footnotes":""},"class_list":["post-234","page","type-page","status-publish","hentry"],"acf":[],"yoast_head":"<!-- This site is optimized with the Yoast SEO plugin v21.4 - https:\/\/yoast.com\/wordpress\/plugins\/seo\/ -->\n<title>checklist - Take Meds Seriously<\/title>\n<meta name=\"robots\" content=\"index, follow, max-snippet:-1, max-image-preview:large, max-video-preview:-1\" \/>\n<link rel=\"canonical\" href=\"https:\/\/takemedsseriously.org\/es\/checklist\/\" \/>\n<meta property=\"og:locale\" content=\"es_MX\" \/>\n<meta property=\"og:type\" content=\"article\" \/>\n<meta property=\"og:title\" content=\"checklist - Take Meds Seriously\" \/>\n<meta property=\"og:description\" content=\"It&#8217;s always a good idea to plan in advance what you would like to discuss with your doctor. You can use this checklist to help. Either download and print it or use the prompts to write down the information.\" \/>\n<meta property=\"og:url\" content=\"https:\/\/takemedsseriously.org\/es\/checklist\/\" \/>\n<meta property=\"og:site_name\" content=\"Take Meds Seriously\" \/>\n<meta property=\"og:image\" content=\"http:\/\/takemedsseriously.org\/wp-content\/uploads\/2021\/01\/My-Doctors-Appointment-791x1024.png\" \/>\n<meta name=\"twitter:card\" content=\"summary_large_image\" \/>\n<script type=\"application\/ld+json\" class=\"yoast-schema-graph\">{\"@context\":\"https:\/\/schema.org\",\"@graph\":[{\"@type\":\"WebPage\",\"@id\":\"https:\/\/takemedsseriously.org\/checklist\/\",\"url\":\"https:\/\/takemedsseriously.org\/checklist\/\",\"name\":\"checklist - Take Meds Seriously\",\"isPartOf\":{\"@id\":\"https:\/\/takemedsseriously.org\/#website\"},\"datePublished\":\"2021-01-15T16:27:12+00:00\",\"dateModified\":\"2021-01-15T16:27:12+00:00\",\"breadcrumb\":{\"@id\":\"https:\/\/takemedsseriously.org\/checklist\/#breadcrumb\"},\"inLanguage\":\"es-MX\",\"potentialAction\":[{\"@type\":\"ReadAction\",\"target\":[\"https:\/\/takemedsseriously.org\/checklist\/\"]}]},{\"@type\":\"BreadcrumbList\",\"@id\":\"https:\/\/takemedsseriously.org\/checklist\/#breadcrumb\",\"itemListElement\":[{\"@type\":\"ListItem\",\"position\":1,\"name\":\"Home\",\"item\":\"https:\/\/takemedsseriously.org\/\"},{\"@type\":\"ListItem\",\"position\":2,\"name\":\"checklist\"}]},{\"@type\":\"WebSite\",\"@id\":\"https:\/\/takemedsseriously.org\/#website\",\"url\":\"https:\/\/takemedsseriously.org\/\",\"name\":\"Take Meds Seriously\",\"description\":\"Prescription Drug Safety Starts With You\",\"potentialAction\":[{\"@type\":\"SearchAction\",\"target\":{\"@type\":\"EntryPoint\",\"urlTemplate\":\"https:\/\/takemedsseriously.org\/?s={search_term_string}\"},\"query-input\":\"required name=search_term_string\"}],\"inLanguage\":\"es-MX\"}]}<\/script>\n<!-- \/ Yoast SEO plugin. -->","yoast_head_json":{"title":"checklist - Take Meds Seriously","robots":{"index":"index","follow":"follow","max-snippet":"max-snippet:-1","max-image-preview":"max-image-preview:large","max-video-preview":"max-video-preview:-1"},"canonical":"https:\/\/takemedsseriously.org\/es\/checklist\/","og_locale":"es_MX","og_type":"article","og_title":"checklist - Take Meds Seriously","og_description":"It&#8217;s always a good idea to plan in advance what you would like to discuss with your doctor. You can use this checklist to help. Either download and print it or use the prompts to write down the information.","og_url":"https:\/\/takemedsseriously.org\/es\/checklist\/","og_site_name":"Take Meds Seriously","og_image":[{"url":"http:\/\/takemedsseriously.org\/wp-content\/uploads\/2021\/01\/My-Doctors-Appointment-791x1024.png"}],"twitter_card":"summary_large_image","schema":{"@context":"https:\/\/schema.org","@graph":[{"@type":"WebPage","@id":"https:\/\/takemedsseriously.org\/checklist\/","url":"https:\/\/takemedsseriously.org\/checklist\/","name":"checklist - Take Meds Seriously","isPartOf":{"@id":"https:\/\/takemedsseriously.org\/#website"},"datePublished":"2021-01-15T16:27:12+00:00","dateModified":"2021-01-15T16:27:12+00:00","breadcrumb":{"@id":"https:\/\/takemedsseriously.org\/checklist\/#breadcrumb"},"inLanguage":"es-MX","potentialAction":[{"@type":"ReadAction","target":["https:\/\/takemedsseriously.org\/checklist\/"]}]},{"@type":"BreadcrumbList","@id":"https:\/\/takemedsseriously.org\/checklist\/#breadcrumb","itemListElement":[{"@type":"ListItem","position":1,"name":"Home","item":"https:\/\/takemedsseriously.org\/"},{"@type":"ListItem","position":2,"name":"checklist"}]},{"@type":"WebSite","@id":"https:\/\/takemedsseriously.org\/#website","url":"https:\/\/takemedsseriously.org\/","name":"Take Meds Seriously","description":"Prescription Drug Safety Starts With You","potentialAction":[{"@type":"SearchAction","target":{"@type":"EntryPoint","urlTemplate":"https:\/\/takemedsseriously.org\/?s={search_term_string}"},"query-input":"required name=search_term_string"}],"inLanguage":"es-MX"}]}},"featured_image_src":null,"featured_image_src_square":null,"_links":{"self":[{"href":"https:\/\/takemedsseriously.org\/es\/wp-json\/wp\/v2\/pages\/234","targetHints":{"allow":["GET"]}}],"collection":[{"href":"https:\/\/takemedsseriously.org\/es\/wp-json\/wp\/v2\/pages"}],"about":[{"href":"https:\/\/takemedsseriously.org\/es\/wp-json\/wp\/v2\/types\/page"}],"author":[{"embeddable":true,"href":"https:\/\/takemedsseriously.org\/es\/wp-json\/wp\/v2\/users\/10"}],"replies":[{"embeddable":true,"href":"https:\/\/takemedsseriously.org\/es\/wp-json\/wp\/v2\/comments?post=234"}],"version-history":[{"count":0,"href":"https:\/\/takemedsseriously.org\/es\/wp-json\/wp\/v2\/pages\/234\/revisions"}],"wp:attachment":[{"href":"https:\/\/takemedsseriously.org\/es\/wp-json\/wp\/v2\/media?parent=234"}],"curies":[{"name":"wp","href":"https:\/\/api.w.org\/{rel}","templated":true}]}}